{"id":48,"date":"2023-03-25T01:43:00","date_gmt":"2023-03-25T04:43:00","guid":{"rendered":"https:\/\/uccuyo.com.ar\/ism\/?page_id=48"},"modified":"2023-10-26T22:41:03","modified_gmt":"2023-10-27T01:41:03","slug":"historia-institucional","status":"publish","type":"page","link":"https:\/\/tulum.uccuyo.edu.ar\/es-ar\/index.php\/historia-institucional\/","title":{"rendered":"Ideario Institucional"},"content":{"rendered":"<p>[et_pb_section fb_built=\u00bb1&#8243; _builder_version=\u00bb4.17.3&#8243; _module_preset=\u00bbdefault\u00bb custom_padding=\u00bb||0px||false|false\u00bb global_colors_info=\u00bb{}\u00bb][et_pb_row column_structure=\u00bb1_2,1_2&#8243; _builder_version=\u00bb4.20.4&#8243; _module_preset=\u00bbdefault\u00bb width=\u00bb100%\u00bb width_tablet=\u00bb100%\u00bb width_phone=\u00bb80%\u00bb width_last_edited=\u00bbon|phone\u00bb max_width=\u00bb1101.6px\u00bb max_width_tablet=\u00bb1101.6px\u00bb max_width_phone=\u00bb1101.6px\u00bb max_width_last_edited=\u00bbon|phone\u00bb custom_padding=\u00bb||35px||false|false\u00bb hover_enabled=\u00bb0&#8243; border_width_bottom=\u00bb1px\u00bb border_color_bottom=\u00bb#73150D\u00bb global_colors_info=\u00bb{}\u00bb sticky_enabled=\u00bb0&#8243;][et_pb_column type=\u00bb1_2&#8243; _builder_version=\u00bb4.17.3&#8243; _module_preset=\u00bbdefault\u00bb global_colors_info=\u00bb{}\u00bb][et_pb_text _builder_version=\u00bb4.20.4&#8243; _module_preset=\u00bbdefault\u00bb text_font=\u00bbDroid Serif Bold||||||||\u00bb text_text_color=\u00bb#73150D\u00bb text_font_size=\u00bb20px\u00bb text_line_height=\u00bb1.2em\u00bb custom_padding=\u00bb||||false|false\u00bb global_colors_info=\u00bb{}\u00bb]<\/p>\n<p>IDEARIO INSTITUCIONAL<\/p>\n<p>[\/et_pb_text][et_pb_text _builder_version=\u00bb4.20.4&#8243; _module_preset=\u00bbdefault\u00bb text_font=\u00bbDroid Serif Italic Classic||||||||\u00bb text_text_color=\u00bb#6f6f6e\u00bb text_font_size=\u00bb15.3px\u00bb text_line_height=\u00bb1.5em\u00bb text_orientation=\u00bbjustified\u00bb width=\u00bb95%\u00bb width_tablet=\u00bb95%\u00bb width_phone=\u00bbauto\u00bb width_last_edited=\u00bbon|phone\u00bb module_alignment=\u00bbleft\u00bb module_alignment_tablet=\u00bbleft\u00bb module_alignment_phone=\u00bbleft\u00bb module_alignment_last_edited=\u00bbon|phone\u00bb global_colors_info=\u00bb{}\u00bb]Bajo el concepto cristiano de que el hombre es un ser trascendente que goza de libertad para construir su propio proyecto de vida y acceder as\u00ed a la Gloria de Dios, el Colegio de Educaci\u00f3n Primaria Nuestra Se\u00f1ora de Tulum, dependiente de la Universidad Cat\u00f3lica de Cuyo propone como fin colaborar activamente en la construcci\u00f3n que[\/et_pb_text][\/et_pb_column][et_pb_column type=\u00bb1_2&#8243; _builder_version=\u00bb4.17.3&#8243; _module_preset=\u00bbdefault\u00bb global_colors_info=\u00bb{}\u00bb][et_pb_text _builder_version=\u00bb4.20.4&#8243; _module_preset=\u00bbdefault\u00bb text_font=\u00bbDroid Serif Italic Classic||||||||\u00bb text_text_color=\u00bb#6f6f6e\u00bb text_font_size=\u00bb14.9px\u00bb text_line_height=\u00bb1.55em\u00bb text_orientation=\u00bbjustified\u00bb width=\u00bb95%\u00bb width_tablet=\u00bb95%\u00bb width_phone=\u00bbauto\u00bb width_last_edited=\u00bbon|phone\u00bb module_alignment=\u00bbright\u00bb custom_margin=\u00bb||||false|false\u00bb custom_padding=\u00bb55px||||false|false\u00bb custom_padding_tablet=\u00bb55px||||false|false\u00bb custom_padding_phone=\u00bb40px||||false|false\u00bb custom_padding_last_edited=\u00bbon|phone\u00bb module_alignment_tablet=\u00bbright\u00bb module_alignment_phone=\u00bbleft\u00bb module_alignment_last_edited=\u00bbon|phone\u00bb global_colors_info=\u00bb{}\u00bb]la persona hace de s\u00ed misma, apoyarla en los conocimientos de su familia y proyectada a la vida social. As\u00ed, imitando en lo posible a la Iglesia Cat\u00f3lica, Madre y Maestra de los pueblos en la misi\u00f3n confiada por su Divino fundador de educar y dirigir a sus hijos, se establece el presente ideario sustentado en los siguientes principios fundamentales.[\/et_pb_text][\/et_pb_column][\/et_pb_row][\/et_pb_section][et_pb_section fb_built=\u00bb1&#8243; _builder_version=\u00bb4.17.3&#8243; _module_preset=\u00bbdefault\u00bb custom_padding=\u00bb||20px||false|false\u00bb global_colors_info=\u00bb{}\u00bb][et_pb_row column_structure=\u00bb1_2,1_2&#8243; _builder_version=\u00bb4.20.4&#8243; _module_preset=\u00bbdefault\u00bb width=\u00bb100%\u00bb width_tablet=\u00bb100%\u00bb width_phone=\u00bb80%\u00bb width_last_edited=\u00bbon|phone\u00bb max_width=\u00bb1101.6px\u00bb custom_padding=\u00bb0px||||false|false\u00bb global_colors_info=\u00bb{}\u00bb][et_pb_column type=\u00bb1_2&#8243; _builder_version=\u00bb4.17.3&#8243; _module_preset=\u00bbdefault\u00bb global_colors_info=\u00bb{}\u00bb][et_pb_text _builder_version=\u00bb4.20.4&#8243; _module_preset=\u00bbdefault\u00bb text_font=\u00bbDroid Serif Classic||||||||\u00bb text_text_color=\u00bb#73150D\u00bb text_font_size=\u00bb19.4px\u00bb text_line_height=\u00bb1.2em\u00bb width_tablet=\u00bb\u00bb width_phone=\u00bb\u00bb width_last_edited=\u00bbon|phone\u00bb custom_padding=\u00bb||||false|false\u00bb global_colors_info=\u00bb{}\u00bb]<\/p>\n<p>Visi\u00f3n del Hombre<\/p>\n<p>[\/et_pb_text][et_pb_text _builder_version=\u00bb4.20.4&#8243; _module_preset=\u00bbdefault\u00bb text_font=\u00bbDroid Serif Classic||||||||\u00bb text_text_color=\u00bbrgba(38,38,38,0.43)\u00bb text_font_size=\u00bb14.4px\u00bb text_orientation=\u00bbjustified\u00bb width=\u00bb95%\u00bb width_tablet=\u00bb93%\u00bb width_phone=\u00bbauto\u00bb width_last_edited=\u00bbon|phone\u00bb module_alignment=\u00bbleft\u00bb module_alignment_tablet=\u00bbleft\u00bb module_alignment_phone=\u00bbleft\u00bb module_alignment_last_edited=\u00bbon|phone\u00bb global_colors_info=\u00bb{}\u00bb]<\/p>\n<p>Se considera al hombre como persona en tanto unidad bio-ps\u00edquica, social, cultural, \u00e9tica, est\u00e9tica y trascendente guiado por los valores universales que dan sentido a la vida humana. Se reconocen los derechos naturales del hombre. Se reconoce la superior dignidad humana desde la concepci\u00f3n. Se promueve el ejercicio responsable de la libertad. Se promueve el ejercicio no abusivo de los derechos del hombre como hijo de Dios: ca\u00eddo, redimido y justificado, sellado por el Esp\u00edritu Santo y part\u00edcipe del Cuerpo M\u00edstico de Cristo.<\/p>\n<p>[\/et_pb_text][et_pb_text _builder_version=\u00bb4.20.4&#8243; _module_preset=\u00bbdefault\u00bb text_font=\u00bbDroid Serif Classic||||||||\u00bb text_text_color=\u00bb#73150D\u00bb text_font_size=\u00bb19.4px\u00bb text_line_height=\u00bb1.2em\u00bb width_tablet=\u00bb\u00bb width_phone=\u00bb\u00bb width_last_edited=\u00bbon|phone\u00bb custom_padding=\u00bb||||false|false\u00bb module_alignment_tablet=\u00bb\u00bb module_alignment_phone=\u00bb\u00bb module_alignment_last_edited=\u00bbon|phone\u00bb global_colors_info=\u00bb{}\u00bb]<\/p>\n<p>Visi\u00f3n de la familia<\/p>\n<p>[\/et_pb_text][et_pb_text _builder_version=\u00bb4.20.4&#8243; _module_preset=\u00bbdefault\u00bb text_font=\u00bbDroid Serif Classic||||||||\u00bb text_text_color=\u00bb#9c9b9b\u00bb text_font_size=\u00bb14.3px\u00bb text_orientation=\u00bbjustified\u00bb width=\u00bb95%\u00bb width_tablet=\u00bb93%\u00bb width_phone=\u00bbauto\u00bb width_last_edited=\u00bbon|phone\u00bb module_alignment=\u00bbleft\u00bb module_alignment_tablet=\u00bbleft\u00bb module_alignment_phone=\u00bbleft\u00bb module_alignment_last_edited=\u00bbon|phone\u00bb global_colors_info=\u00bb{}\u00bb]<\/p>\n<p>Se reconoce a la familia como instituci\u00f3n b\u00e1sica de la sociedad y agente natural y primaria de la educaci\u00f3n de sus hijos. Se reconoce el derecho de los padres de elegir la educaci\u00f3n de sus hijos. Se promueve la formaci\u00f3n de una comunidad educadora, fomentando el encuentro permanente y arm\u00f3nico entre familia y escuela.<\/p>\n<p>[\/et_pb_text][et_pb_text _builder_version=\u00bb4.20.4&#8243; _module_preset=\u00bbdefault\u00bb text_font=\u00bbDroid Serif Classic||||||||\u00bb text_text_color=\u00bb#73150D\u00bb text_font_size=\u00bb19.4px\u00bb text_line_height=\u00bb1.2em\u00bb width_tablet=\u00bb\u00bb width_phone=\u00bb\u00bb width_last_edited=\u00bbon|phone\u00bb custom_padding=\u00bb||||false|false\u00bb module_alignment_tablet=\u00bb\u00bb module_alignment_phone=\u00bb\u00bb module_alignment_last_edited=\u00bbon|phone\u00bb global_colors_info=\u00bb{}\u00bb]<\/p>\n<p>Visi\u00f3n de la sociedad<\/p>\n<p>[\/et_pb_text][et_pb_text _builder_version=\u00bb4.20.4&#8243; _module_preset=\u00bbdefault\u00bb text_font=\u00bbDroid Serif Classic||||||||\u00bb text_text_color=\u00bbrgba(38,38,38,0.43)\u00bb text_font_size=\u00bb14.1px\u00bb text_orientation=\u00bbjustified\u00bb width=\u00bb95%\u00bb width_tablet=\u00bb93%\u00bb width_phone=\u00bbauto\u00bb width_last_edited=\u00bbon|phone\u00bb module_alignment=\u00bbleft\u00bb custom_margin=\u00bb-7px||||false|false\u00bb custom_padding=\u00bb||||false|false\u00bb module_alignment_tablet=\u00bbleft\u00bb module_alignment_phone=\u00bbleft\u00bb module_alignment_last_edited=\u00bbon|phone\u00bb global_colors_info=\u00bb{}\u00bb]<\/p>\n<p>Se reconoce a la sociedad como una realidad visible y espiritual en cuyo \u00e1mbito se desarrolla el respeto a la justicia, a los derechos humanos universales, a la paz y a la vida. Se reconoce al estado como regulador de las actividades sociales al servicio del inter\u00e9s com\u00fan. Se reconoce al estado como principal responsable de las acciones educativas y de la garant\u00eda de su calidad. Se fomenta el respeto al marco jur\u00eddico que reconoce y reglamenta el derecho constitucional de ense\u00f1ar y aprender.<\/p>\n<p>[\/et_pb_text][\/et_pb_column][et_pb_column type=\u00bb1_2&#8243; _builder_version=\u00bb4.17.3&#8243; _module_preset=\u00bbdefault\u00bb global_colors_info=\u00bb{}\u00bb][et_pb_text _builder_version=\u00bb4.20.4&#8243; _module_preset=\u00bbdefault\u00bb text_font=\u00bbDroid Serif Classic||||||||\u00bb text_text_color=\u00bb#73150D\u00bb text_font_size=\u00bb19.4px\u00bb text_line_height=\u00bb1.2em\u00bb width_tablet=\u00bb\u00bb width_phone=\u00bb\u00bb width_last_edited=\u00bbon|phone\u00bb custom_margin=\u00bb||||false|false\u00bb custom_padding=\u00bb||1px|25px|false|false\u00bb custom_padding_tablet=\u00bb|||41px|false|false\u00bb custom_padding_phone=\u00bb|||0px|false|false\u00bb custom_padding_last_edited=\u00bbon|phone\u00bb module_alignment_tablet=\u00bb\u00bb module_alignment_phone=\u00bb\u00bb module_alignment_last_edited=\u00bbon|phone\u00bb global_colors_info=\u00bb{}\u00bb]<\/p>\n<p>Visi\u00f3n de la educaci\u00f3n<\/p>\n<p>[\/et_pb_text][et_pb_text _builder_version=\u00bb4.20.4&#8243; _module_preset=\u00bbdefault\u00bb text_font=\u00bbDroid Serif Classic||||||||\u00bb text_text_color=\u00bbrgba(38,38,38,0.43)\u00bb text_orientation=\u00bbjustified\u00bb width=\u00bb95%\u00bb width_tablet=\u00bb92%\u00bb width_phone=\u00bbauto\u00bb width_last_edited=\u00bbon|phone\u00bb module_alignment=\u00bbright\u00bb module_alignment_tablet=\u00bbright\u00bb module_alignment_phone=\u00bbright\u00bb module_alignment_last_edited=\u00bbon|phone\u00bb global_colors_info=\u00bb{}\u00bb]<\/p>\n<p>Se concibe a la educaci\u00f3n como un derecho humano fundamental, como un derecho-deber de la familia y la sociedad y una obligaci\u00f3n permanente e inalienable del estado. Se reconoce la funci\u00f3n personalista, personalizada y personalizante de la educaci\u00f3n. Se considera a la educaci\u00f3n medio insoslayable en la b\u00fasqueda de la verdad y de la s\u00edntesis, fe y cultura.<\/p>\n<p>[\/et_pb_text][et_pb_text _builder_version=\u00bb4.20.4&#8243; _module_preset=\u00bbdefault\u00bb text_font=\u00bbDroid Serif Classic||||||||\u00bb text_text_color=\u00bb#73150D\u00bb text_font_size=\u00bb19.4px\u00bb text_line_height=\u00bb1.2em\u00bb width_tablet=\u00bb\u00bb width_phone=\u00bb\u00bb width_last_edited=\u00bbon|phone\u00bb custom_padding=\u00bb||1px|25px|false|false\u00bb custom_padding_tablet=\u00bb|||41px|false|false\u00bb custom_padding_phone=\u00bb|||0px|false|false\u00bb custom_padding_last_edited=\u00bbon|phone\u00bb module_alignment_tablet=\u00bb\u00bb module_alignment_phone=\u00bb\u00bb module_alignment_last_edited=\u00bbon|phone\u00bb global_colors_info=\u00bb{}\u00bb]<\/p>\n<p>Visi\u00f3n de la cultura<\/p>\n<p>[\/et_pb_text][et_pb_text _builder_version=\u00bb4.20.4&#8243; _module_preset=\u00bbdefault\u00bb text_font=\u00bbDroid Serif Classic||||||||\u00bb text_text_color=\u00bbrgba(38,38,38,0.43)\u00bb text_orientation=\u00bbjustified\u00bb width=\u00bb95%\u00bb width_tablet=\u00bb92%\u00bb width_phone=\u00bbauto\u00bb width_last_edited=\u00bbon|phone\u00bb module_alignment=\u00bbright\u00bb module_alignment_tablet=\u00bbright\u00bb module_alignment_phone=\u00bbright\u00bb module_alignment_last_edited=\u00bbon|phone\u00bb global_colors_info=\u00bb{}\u00bb]<\/p>\n<p>Se concibe a la escuela como el \u00e1mbito espec\u00edfico de formaci\u00f3n integral del hombre a trav\u00e9s de la comunicaci\u00f3n sistem\u00e1tica y cr\u00edtica de la cultura, de la promoci\u00f3n de los valores universales y de la preparaci\u00f3n para la vida profesional. Como escuela cat\u00f3lica se asume el compromiso incondicional a una definida acci\u00f3n pastoral-educativa. Se considera a la escuela como instituci\u00f3n abierta a la comunidad, formadora de alumnos solidarios que sean capaces de percibir la problem\u00e1tica real del medio y de generar posibles soluciones.<\/p>\n<p>[\/et_pb_text][\/et_pb_column][\/et_pb_row][\/et_pb_section][et_pb_section fb_built=\u00bb1&#8243; disabled_on=\u00bbon|on|on\u00bb _builder_version=\u00bb4.17.3&#8243; _module_preset=\u00bbdefault\u00bb background_color=\u00bb#a5d3c6&#8243; custom_padding=\u00bb||20px||false|false\u00bb disabled=\u00bbon\u00bb global_colors_info=\u00bb{}\u00bb][et_pb_row column_structure=\u00bb1_2,1_2&#8243; _builder_version=\u00bb4.17.3&#8243; _module_preset=\u00bbdefault\u00bb width=\u00bb100%\u00bb width_tablet=\u00bb100%\u00bb width_phone=\u00bb80%\u00bb width_last_edited=\u00bbon|phone\u00bb max_width=\u00bb1101.6px\u00bb custom_padding=\u00bb0px||||false|false\u00bb global_colors_info=\u00bb{}\u00bb][et_pb_column type=\u00bb1_2&#8243; _builder_version=\u00bb4.17.3&#8243; _module_preset=\u00bbdefault\u00bb global_colors_info=\u00bb{}\u00bb][et_pb_text _builder_version=\u00bb4.17.3&#8243; _module_preset=\u00bbdefault\u00bb text_font=\u00bbDroid Serif Bold Clasic||||||||\u00bb text_text_color=\u00bb#366D5D\u00bb text_font_size=\u00bb20px\u00bb text_line_height=\u00bb1.2em\u00bb width_tablet=\u00bb\u00bb width_phone=\u00bb\u00bb width_last_edited=\u00bbon|phone\u00bb custom_padding=\u00bb||||false|false\u00bb global_colors_info=\u00bb{}\u00bb]Valores institucionales[\/et_pb_text][et_pb_text _builder_version=\u00bb4.17.3&#8243; _module_preset=\u00bbdefault\u00bb text_font=\u00bbDroid Serif iitalic||||||||\u00bb text_text_color=\u00bb#366D5D\u00bb text_font_size=\u00bb16px\u00bb text_orientation=\u00bbjustified\u00bb width=\u00bb93%\u00bb width_tablet=\u00bb93%\u00bb width_phone=\u00bbauto\u00bb width_last_edited=\u00bbon|phone\u00bb module_alignment=\u00bbleft\u00bb module_alignment_tablet=\u00bbleft\u00bb module_alignment_phone=\u00bbleft\u00bb module_alignment_last_edited=\u00bbon|phone\u00bb global_colors_info=\u00bb{}\u00bb]Los valores resumen las convicciones personales, aquello en lo que uno cree y que uno ama. El valor se convierte en fuente motivadora de la vida personal.[\/et_pb_text][et_pb_text _builder_version=\u00bb4.17.3&#8243; _module_preset=\u00bbdefault\u00bb text_font=\u00bbDroid Serif Clasic||||||||\u00bb text_text_color=\u00bb#366D5D\u00bb text_font_size=\u00bb18px\u00bb text_line_height=\u00bb1.2em\u00bb width_tablet=\u00bb\u00bb width_phone=\u00bb\u00bb width_last_edited=\u00bbon|phone\u00bb custom_padding=\u00bb22px||||false|false\u00bb module_alignment_tablet=\u00bb\u00bb module_alignment_phone=\u00bb\u00bb module_alignment_last_edited=\u00bbon|phone\u00bb global_colors_info=\u00bb{}\u00bb]<\/p>\n<p>\u2022 Verdad<\/p>\n<p>[\/et_pb_text][et_pb_text _builder_version=\u00bb4.17.3&#8243; _module_preset=\u00bbdefault\u00bb text_font=\u00bbDroid Serif Clasic||||||||\u00bb text_text_color=\u00bb#366D5D\u00bb text_orientation=\u00bbjustified\u00bb width=\u00bb93%\u00bb width_tablet=\u00bb93%\u00bb width_phone=\u00bbauto\u00bb width_last_edited=\u00bbon|phone\u00bb module_alignment=\u00bbleft\u00bb module_alignment_tablet=\u00bbleft\u00bb module_alignment_phone=\u00bbleft\u00bb module_alignment_last_edited=\u00bbon|phone\u00bb global_colors_info=\u00bb{}\u00bb]Es una revelaci\u00f3n del sentido de la existencia humana, que no se da sin esfuerzo ni pasi\u00f3n. Es misi\u00f3n y meta, apertura y fin; la verdad es objetiva, universal y racional, se extiende sobre todas las cosas, habita en el interior del hombre y alcanza el misterio.[\/et_pb_text][et_pb_text _builder_version=\u00bb4.17.3&#8243; _module_preset=\u00bbdefault\u00bb text_font=\u00bbDroid Serif Clasic||||||||\u00bb text_text_color=\u00bb#366D5D\u00bb text_font_size=\u00bb18px\u00bb text_line_height=\u00bb1.2em\u00bb width_tablet=\u00bb\u00bb width_phone=\u00bb\u00bb width_last_edited=\u00bbon|phone\u00bb custom_padding=\u00bb||||false|false\u00bb module_alignment_tablet=\u00bb\u00bb module_alignment_phone=\u00bb\u00bb module_alignment_last_edited=\u00bbon|phone\u00bb global_colors_info=\u00bb{}\u00bb]\u2022 Libertad y responsabilidad[\/et_pb_text][et_pb_text _builder_version=\u00bb4.17.3&#8243; _module_preset=\u00bbdefault\u00bb text_font=\u00bbDroid Serif Clasic||||||||\u00bb text_text_color=\u00bb#366D5D\u00bb text_orientation=\u00bbjustified\u00bb width=\u00bb93%\u00bb width_tablet=\u00bb93%\u00bb width_phone=\u00bbauto\u00bb width_last_edited=\u00bbon|phone\u00bb module_alignment=\u00bbleft\u00bb custom_margin=\u00bb-7px||||false|false\u00bb custom_padding=\u00bb||||false|false\u00bb module_alignment_tablet=\u00bbleft\u00bb module_alignment_phone=\u00bbleft\u00bb module_alignment_last_edited=\u00bbon|phone\u00bb global_colors_info=\u00bb{}\u00bb]El hombre es libre para adherirse y actuar con respecto a los valores propios de la naturaleza. La libertad s\u00f3lo tiene sentido como valor orientado a la verdad cuando supone actuar con responsabilidad. La libertad y responsabilidad son dos valores inseparables.[\/et_pb_text][\/et_pb_column][et_pb_column type=\u00bb1_2&#8243; _builder_version=\u00bb4.17.3&#8243; _module_preset=\u00bbdefault\u00bb global_colors_info=\u00bb{}\u00bb][et_pb_text _builder_version=\u00bb4.17.3&#8243; _module_preset=\u00bbdefault\u00bb text_font=\u00bbDroid Serif Clasic||||||||\u00bb text_text_color=\u00bb#366D5D\u00bb text_font_size=\u00bb18px\u00bb text_line_height=\u00bb1.2em\u00bb width_tablet=\u00bb\u00bb width_phone=\u00bb\u00bb width_last_edited=\u00bbon|phone\u00bb custom_padding=\u00bb55px||1px|41px|false|false\u00bb custom_padding_tablet=\u00bb|||41px|false|false\u00bb custom_padding_phone=\u00bb|||0px|false|false\u00bb custom_padding_last_edited=\u00bbon|phone\u00bb module_alignment_tablet=\u00bb\u00bb module_alignment_phone=\u00bb\u00bb module_alignment_last_edited=\u00bbon|phone\u00bb global_colors_info=\u00bb{}\u00bb]<\/p>\n<p>\u2022 Generosidad<\/p>\n<p>[\/et_pb_text][et_pb_text _builder_version=\u00bb4.17.3&#8243; _module_preset=\u00bbdefault\u00bb text_font=\u00bbDroid Serif Clasic||||||||\u00bb text_text_color=\u00bb#366D5D\u00bb text_font_size=\u00bb13.5px\u00bb text_orientation=\u00bbjustified\u00bb width=\u00bb92%\u00bb width_tablet=\u00bb92%\u00bb width_phone=\u00bbauto\u00bb width_last_edited=\u00bbon|phone\u00bb module_alignment=\u00bbright\u00bb module_alignment_tablet=\u00bbright\u00bb module_alignment_phone=\u00bbright\u00bb module_alignment_last_edited=\u00bbon|phone\u00bb global_colors_info=\u00bb{}\u00bb]<\/p>\n<p>Un aspecto fundamental en la comprensi\u00f3n de lo que es el amor es el ejercicio de la generosidad y la entrega. Se puede ser generoso no solamente con las cosas que se dan sino con el tiempo que se tiene para otros.<\/p>\n<p>[\/et_pb_text][et_pb_text _builder_version=\u00bb4.17.3&#8243; _module_preset=\u00bbdefault\u00bb text_font=\u00bbDroid Serif Clasic||||||||\u00bb text_text_color=\u00bb#366D5D\u00bb text_font_size=\u00bb18px\u00bb text_line_height=\u00bb1.2em\u00bb width_tablet=\u00bb\u00bb width_phone=\u00bb\u00bb width_last_edited=\u00bbon|phone\u00bb custom_padding=\u00bb||1px|41px|false|false\u00bb custom_padding_tablet=\u00bb|||41px|false|false\u00bb custom_padding_phone=\u00bb|||0px|false|false\u00bb custom_padding_last_edited=\u00bbon|phone\u00bb module_alignment_tablet=\u00bb\u00bb module_alignment_phone=\u00bb\u00bb module_alignment_last_edited=\u00bbon|phone\u00bb global_colors_info=\u00bb{}\u00bb]\u2022 Autoestima[\/et_pb_text][et_pb_text _builder_version=\u00bb4.17.3&#8243; _module_preset=\u00bbdefault\u00bb text_font=\u00bbDroid Serif Clasic||||||||\u00bb text_text_color=\u00bb#366D5D\u00bb text_font_size=\u00bb13.5px\u00bb text_orientation=\u00bbjustified\u00bb width=\u00bb92%\u00bb width_tablet=\u00bb92%\u00bb width_phone=\u00bbauto\u00bb width_last_edited=\u00bbon|phone\u00bb module_alignment=\u00bbright\u00bb module_alignment_tablet=\u00bbright\u00bb module_alignment_phone=\u00bbright\u00bb module_alignment_last_edited=\u00bbon|phone\u00bb global_colors_info=\u00bb{}\u00bb]<\/p>\n<p>Es la impronta que llevamos en nuestra vida. Es la percepci\u00f3n valorativa de nuestro ser, de nuestra manera de actuar, con las caracter\u00edsticas de nuestra espiritualidad, todo lo cual conforma nuestra personalidad.<\/p>\n<p>[\/et_pb_text][et_pb_text _builder_version=\u00bb4.17.3&#8243; _module_preset=\u00bbdefault\u00bb text_font=\u00bbDroid Serif Clasic||||||||\u00bb text_text_color=\u00bb#366D5D\u00bb text_font_size=\u00bb18px\u00bb text_line_height=\u00bb1.2em\u00bb width_tablet=\u00bb\u00bb width_phone=\u00bb\u00bb width_last_edited=\u00bbon|phone\u00bb custom_padding=\u00bb||1px|41px|false|false\u00bb custom_padding_tablet=\u00bb|||41px|false|false\u00bb custom_padding_phone=\u00bb|||0px|false|false\u00bb custom_padding_last_edited=\u00bbon|phone\u00bb module_alignment_tablet=\u00bb\u00bb module_alignment_phone=\u00bb\u00bb module_alignment_last_edited=\u00bbon|phone\u00bb global_colors_info=\u00bb{}\u00bb]\u2022 Respeto[\/et_pb_text][et_pb_text _builder_version=\u00bb4.17.3&#8243; _module_preset=\u00bbdefault\u00bb text_font=\u00bbDroid Serif Clasic||||||||\u00bb text_text_color=\u00bb#366D5D\u00bb text_font_size=\u00bb13.5px\u00bb text_orientation=\u00bbjustified\u00bb width=\u00bb92%\u00bb width_tablet=\u00bb92%\u00bb width_phone=\u00bbauto\u00bb width_last_edited=\u00bbon|phone\u00bb module_alignment=\u00bbright\u00bb module_alignment_tablet=\u00bbright\u00bb module_alignment_phone=\u00bbright\u00bb module_alignment_last_edited=\u00bbon|phone\u00bb global_colors_info=\u00bb{}\u00bb]<\/p>\n<p>Es la virtud que nos hace reconocer el valor, la consideraci\u00f3n y la dign-idad que merece alguien o algo; y nos lleva a demostrarlo con nuestras<br \/>actitudes y acciones. El respeto es la virtud por la cual le reconocemos a<br \/>cada persona su lugar y la funci\u00f3n que Dios ha querido darle ante nosotros.<\/p>\n<p>[\/et_pb_text][\/et_pb_column][\/et_pb_row][\/et_pb_section]<\/p>\n","protected":false},"excerpt":{"rendered":"<p>IDEARIO INSTITUCIONALBajo el concepto cristiano de que el hombre es un ser trascendente que goza de libertad para construir su propio proyecto de vida y acceder as\u00ed a la Gloria de Dios, el Colegio de Educaci\u00f3n Primaria Nuestra Se\u00f1ora de Tulum, dependiente de la Universidad Cat\u00f3lica de Cuyo propone como fin colaborar activamente en la [&hellip;]<\/p>\n","protected":false},"author":2,"featured_media":0,"parent":0,"menu_order":2,"comment_status":"closed","ping_status":"closed","template":"","meta":{"_et_pb_use_builder":"on","_et_pb_old_content":"<!-- wp:divi\/placeholder \/-->","_et_gb_content_width":"","footnotes":""},"class_list":["post-48","page","type-page","status-publish","hentry"],"_links":{"self":[{"href":"https:\/\/tulum.uccuyo.edu.ar\/es-ar\/index.php\/wp-json\/wp\/v2\/pages\/48","targetHints":{"allow":["GET"]}}],"collection":[{"href":"https:\/\/tulum.uccuyo.edu.ar\/es-ar\/index.php\/wp-json\/wp\/v2\/pages"}],"about":[{"href":"https:\/\/tulum.uccuyo.edu.ar\/es-ar\/index.php\/wp-json\/wp\/v2\/types\/page"}],"author":[{"embeddable":true,"href":"https:\/\/tulum.uccuyo.edu.ar\/es-ar\/index.php\/wp-json\/wp\/v2\/users\/2"}],"replies":[{"embeddable":true,"href":"https:\/\/tulum.uccuyo.edu.ar\/es-ar\/index.php\/wp-json\/wp\/v2\/comments?post=48"}],"version-history":[{"count":69,"href":"https:\/\/tulum.uccuyo.edu.ar\/es-ar\/index.php\/wp-json\/wp\/v2\/pages\/48\/revisions"}],"predecessor-version":[{"id":1763,"href":"https:\/\/tulum.uccuyo.edu.ar\/es-ar\/index.php\/wp-json\/wp\/v2\/pages\/48\/revisions\/1763"}],"wp:attachment":[{"href":"https:\/\/tulum.uccuyo.edu.ar\/es-ar\/index.php\/wp-json\/wp\/v2\/media?parent=48"}],"curies":[{"name":"wp","href":"https:\/\/api.w.org\/{rel}","templated":true}]}}