{"id":325,"date":"2023-05-19T20:15:23","date_gmt":"2023-05-19T23:15:23","guid":{"rendered":"https:\/\/ism.uccuyo.edu.ar\/es-ar\/?page_id=325"},"modified":"2024-04-01T15:18:51","modified_gmt":"2024-04-01T18:18:51","slug":"inicio-maquetado-de-anita","status":"publish","type":"page","link":"https:\/\/tulum.uccuyo.edu.ar\/es-ar\/","title":{"rendered":"Inicio"},"content":{"rendered":"<p>[et_pb_section fb_built=\u00bb1&#8243; fullwidth=\u00bbon\u00bb _builder_version=\u00bb4.20.4&#8243; _module_preset=\u00bbdefault\u00bb global_colors_info=\u00bb{}\u00bb][et_pb_fullwidth_slider show_arrows=\u00bboff\u00bb _builder_version=\u00bb4.20.4&#8243; _module_preset=\u00bbdefault\u00bb height=\u00bb446px\u00bb height_tablet=\u00bb446px\u00bb height_phone=\u00bb446px\u00bb height_last_edited=\u00bbon|desktop\u00bb auto=\u00bbon\u00bb auto_speed=\u00bb3000&#8243; auto_ignore_hover=\u00bbon\u00bb global_colors_info=\u00bb{}\u00bb][et_pb_slide _builder_version=\u00bb4.20.4&#8243; _module_preset=\u00bbdefault\u00bb background_image=\u00bbhttps:\/\/tulum.uccuyo.edu.ar\/es-ar\/wp-content\/uploads\/2023\/12\/tulum-primario-carruswl-1.jpg\u00bb background_enable_image=\u00bbon\u00bb background_last_edited=\u00bbon|phone\u00bb background_image_phone=\u00bbhttps:\/\/tulum.uccuyo.edu.ar\/es-ar\/wp-content\/uploads\/2023\/12\/tulum-primario-carruswl-1celu.jpg\u00bb background_enable_image_phone=\u00bbon\u00bb global_colors_info=\u00bb{}\u00bb sticky_transition=\u00bbon\u00bb][\/et_pb_slide][et_pb_slide _builder_version=\u00bb4.20.4&#8243; _module_preset=\u00bbdefault\u00bb background_image=\u00bbhttps:\/\/tulum.uccuyo.edu.ar\/es-ar\/wp-content\/uploads\/2023\/12\/tulum-primario-carruswl-2.jpg\u00bb background_enable_image=\u00bbon\u00bb background_last_edited=\u00bbon|phone\u00bb background_image_phone=\u00bbhttps:\/\/tulum.uccuyo.edu.ar\/es-ar\/wp-content\/uploads\/2023\/12\/tulum-primario-carruswl-2celu.jpg\u00bb background_enable_image_phone=\u00bbon\u00bb global_colors_info=\u00bb{}\u00bb sticky_transition=\u00bbon\u00bb][\/et_pb_slide][et_pb_slide _builder_version=\u00bb4.20.4&#8243; _module_preset=\u00bbdefault\u00bb background_image=\u00bbhttps:\/\/tulum.uccuyo.edu.ar\/es-ar\/wp-content\/uploads\/2023\/12\/tulum-primario-carruswl-3.jpg\u00bb background_enable_image=\u00bbon\u00bb background_last_edited=\u00bbon|phone\u00bb background_image_phone=\u00bbhttps:\/\/tulum.uccuyo.edu.ar\/es-ar\/wp-content\/uploads\/2023\/12\/tulum-primario-carruswl-3celu.jpg\u00bb background_enable_image_phone=\u00bbon\u00bb global_colors_info=\u00bb{}\u00bb sticky_transition=\u00bbon\u00bb][\/et_pb_slide][\/et_pb_fullwidth_slider][\/et_pb_section][et_pb_section fb_built=\u00bb1&#8243; _builder_version=\u00bb4.20.4&#8243; _module_preset=\u00bbdefault\u00bb background_color=\u00bbRGBA(255,255,255,0)\u00bb positioning=\u00bbabsolute\u00bb vertical_offset=\u00bb125px\u00bb global_colors_info=\u00bb{}\u00bb][et_pb_row column_structure=\u00bb1_3,1_3,1_3&#8243; _builder_version=\u00bb4.20.4&#8243; _module_preset=\u00bbdefault\u00bb transform_scale_tablet=\u00bb\u00bb transform_scale_phone=\u00bb\u00bb transform_scale_last_edited=\u00bbon|phone\u00bb transform_translate_tablet=\u00bb0px|135px\u00bb transform_translate_phone=\u00bb0px|0px\u00bb transform_translate_last_edited=\u00bbon|phone\u00bb transform_translate_linked=\u00bboff\u00bb transform_rotate_tablet=\u00bb\u00bb transform_rotate_phone=\u00bb\u00bb transform_rotate_last_edited=\u00bbon|phone\u00bb transform_skew_tablet=\u00bb\u00bb transform_skew_phone=\u00bb\u00bb transform_skew_last_edited=\u00bbon|phone\u00bb transform_origin_tablet=\u00bb\u00bb transform_origin_phone=\u00bb\u00bb transform_origin_last_edited=\u00bbon|phone\u00bb transform_styles_last_edited=\u00bbon|phone\u00bb width=\u00bb90%\u00bb width_tablet=\u00bb90%\u00bb width_phone=\u00bb90%\u00bb width_last_edited=\u00bbon|phone\u00bb max_width=\u00bb2024px\u00bb max_width_tablet=\u00bb2024px\u00bb max_width_phone=\u00bb2024px\u00bb max_width_last_edited=\u00bbon|phone\u00bb module_alignment=\u00bbcenter\u00bb custom_margin=\u00bb55px||||false|false\u00bb transform_styles_tablet=\u00bb\u00bb transform_styles_phone=\u00bb\u00bb global_colors_info=\u00bb{}\u00bb custom_margin__hover_enabled=\u00bboff|desktop\u00bb][et_pb_column type=\u00bb1_3&#8243; _builder_version=\u00bb4.17.3&#8243; _module_preset=\u00bbdefault\u00bb global_colors_info=\u00bb{}\u00bb][et_pb_text _builder_version=\u00bb4.20.4&#8243; _module_preset=\u00bbdefault\u00bb text_font=\u00bbDroid Serif Classic||||||||\u00bb text_text_color=\u00bb#FFFFFF\u00bb text_font_size=\u00bb20px\u00bb header_font=\u00bbDroid Serif Classic||||||||\u00bb background_color=\u00bbRGBA(115,21,13,0.75)\u00bb text_orientation=\u00bbcenter\u00bb width=\u00bb75%\u00bb module_alignment=\u00bbcenter\u00bb height=\u00bb100px\u00bb height_tablet=\u00bb100px\u00bb height_phone=\u00bb60px\u00bb height_last_edited=\u00bbon|phone\u00bb custom_padding=\u00bb39px||||false|false\u00bb custom_padding_tablet=\u00bb39px||||false|false\u00bb custom_padding_phone=\u00bb20px||||false|false\u00bb custom_padding_last_edited=\u00bbon|phone\u00bb link_option_url=\u00bbhttps:\/\/tulum.uccuyo.edu.ar\/es-ar\/index.php\/historia-institucional\/\u00bb text_font_size_tablet=\u00bb20px\u00bb text_font_size_phone=\u00bb20px\u00bb text_font_size_last_edited=\u00bbon|phone\u00bb border_radii=\u00bbon|10px|10px|10px|10px\u00bb global_colors_info=\u00bb{}\u00bb]<\/p>\n<p>\u00bfQUI\u00c9NES SOMOS?<\/p>\n<p>[\/et_pb_text][\/et_pb_column][et_pb_column type=\u00bb1_3&#8243; _builder_version=\u00bb4.17.3&#8243; _module_preset=\u00bbdefault\u00bb global_colors_info=\u00bb{}\u00bb][et_pb_text _builder_version=\u00bb4.20.4&#8243; _module_preset=\u00bbdefault\u00bb text_font=\u00bbDroid Serif Classic||||||||\u00bb text_text_color=\u00bb#FFFFFF\u00bb text_font_size=\u00bb20px\u00bb background_color=\u00bbRGBA(115,21,13,0.75)\u00bb text_orientation=\u00bbcenter\u00bb width=\u00bb75%\u00bb module_alignment=\u00bbcenter\u00bb height=\u00bb100px\u00bb height_tablet=\u00bb100px\u00bb height_phone=\u00bb60px\u00bb height_last_edited=\u00bbon|phone\u00bb custom_padding=\u00bb39px||||false|false\u00bb custom_padding_tablet=\u00bb39px||||false|false\u00bb custom_padding_phone=\u00bb20px||||false|false\u00bb custom_padding_last_edited=\u00bbon|phone\u00bb link_option_url=\u00bbhttps:\/\/tulum.uccuyo.edu.ar\/es-ar\/index.php\/oferta-educativa\/\u00bb text_font_size_tablet=\u00bb20px\u00bb text_font_size_phone=\u00bb20px\u00bb text_font_size_last_edited=\u00bbon|phone\u00bb border_radii=\u00bbon|10px|10px|10px|10px\u00bb global_colors_info=\u00bb{}\u00bb]<\/p>\n<p>ORIENTACIONES<\/p>\n<p>[\/et_pb_text][\/et_pb_column][et_pb_column type=\u00bb1_3&#8243; _builder_version=\u00bb4.17.3&#8243; _module_preset=\u00bbdefault\u00bb global_colors_info=\u00bb{}\u00bb][et_pb_text _builder_version=\u00bb4.20.4&#8243; _module_preset=\u00bbdefault\u00bb text_font=\u00bbDroid Serif Classic||||||||\u00bb text_text_color=\u00bb#FFFFFF\u00bb text_font_size=\u00bb20px\u00bb background_color=\u00bbRGBA(115,21,13,0.75)\u00bb text_orientation=\u00bbcenter\u00bb width=\u00bb75%\u00bb module_alignment=\u00bbcenter\u00bb height=\u00bb100px\u00bb height_tablet=\u00bb100px\u00bb height_phone=\u00bb60px\u00bb height_last_edited=\u00bbon|phone\u00bb custom_padding=\u00bb39px||||false|false\u00bb custom_padding_tablet=\u00bb39px||||false|false\u00bb custom_padding_phone=\u00bb20px||||false|false\u00bb custom_padding_last_edited=\u00bbon|phone\u00bb link_option_url=\u00bbhttps:\/\/tulum.uccuyo.edu.ar\/es-ar\/index.php\/autoridades\/\u00bb text_font_size_tablet=\u00bb20px\u00bb text_font_size_phone=\u00bb20px\u00bb text_font_size_last_edited=\u00bbon|phone\u00bb border_radii=\u00bbon|10px|10px|10px|10px\u00bb global_colors_info=\u00bb{}\u00bb]<\/p>\n<p>AUTORIDADES<\/p>\n<p>[\/et_pb_text][\/et_pb_column][\/et_pb_row][\/et_pb_section][et_pb_section fb_built=\u00bb1&#8243; _builder_version=\u00bb4.20.4&#8243; _module_preset=\u00bbdefault\u00bb custom_padding=\u00bb0px||130px||false|false\u00bb global_colors_info=\u00bb{}\u00bb][et_pb_row column_structure=\u00bb1_2,1_2&#8243; _builder_version=\u00bb4.20.4&#8243; _module_preset=\u00bbdefault\u00bb width=\u00bbauto\u00bb max_width=\u00bbnone\u00bb height=\u00bb995px\u00bb height_tablet=\u00bb925px\u00bb height_phone=\u00bbauto\u00bb height_last_edited=\u00bbon|phone\u00bb custom_padding=\u00bb0px||0px||true|false\u00bb global_colors_info=\u00bb{}\u00bb][et_pb_column type=\u00bb1_2&#8243; _builder_version=\u00bb4.17.3&#8243; _module_preset=\u00bbdefault\u00bb global_colors_info=\u00bb{}\u00bb][et_pb_accordion open_toggle_text_color=\u00bb#73150D\u00bb _builder_version=\u00bb4.20.4&#8243; _module_preset=\u00bbdefault\u00bb toggle_text_color=\u00bb#73150D\u00bb toggle_font=\u00bbDroid Serif Bold||||||||\u00bb toggle_font_size=\u00bb22px\u00bb body_font=\u00bbDroid Serif Italic Classic||||||||\u00bb body_text_align=\u00bbjustify\u00bb body_letter_spacing=\u00bb-0.5px\u00bb width=\u00bb80%\u00bb module_alignment=\u00bbcenter\u00bb height=\u00bb100px\u00bb height_tablet=\u00bb100px\u00bb height_phone=\u00bbauto\u00bb height_last_edited=\u00bbon|phone\u00bb custom_margin=\u00bb75px|||20px|false|false\u00bb custom_padding=\u00bb||||false|false\u00bb global_colors_info=\u00bb{}\u00bb][et_pb_accordion_item title=\u00bbMISI\u00d3N\u00bb open=\u00bbon\u00bb _builder_version=\u00bb4.20.4&#8243; _module_preset=\u00bbdefault\u00bb body_font_size=\u00bb13.5px\u00bb custom_margin=\u00bb10px||||false|false\u00bb border_width_all=\u00bb0px\u00bb global_colors_info=\u00bb{}\u00bb]<\/p>\n<p>Tratar de alcanzar el balance necesario entre la fe y la ciencia, esto es, impulsar el desarrollo acad\u00e9mico de la instituci\u00f3n y, al mismo tiempo, constituirla como un centro de inspiraci\u00f3n cristiana. Descuidar el aspecto acad\u00e9mico, mientras se impulsa la vivencia de la fe, resulta un caos ya que, ciertamente, ning\u00fan padre de familia inscribir\u00eda a su hijo en una instituci\u00f3n anticuada y deficiente, por esta raz\u00f3n, debe darse el balance m\u00e1s adecuado, a fin de mantener vigente la misi\u00f3n educativa del instituto.<br \/>En la actualidad, la creaci\u00f3n de nuevas instituciones educativas, ha puesto en riesgo la estabilidad de los colegios cat\u00f3licos, porque la competencia es mucho mayor, sin embargo, esto debe impulsar a las instituciones cat\u00f3licas para que, de manera honesta y transparente, puedan incursionar en el campo de las grandes competencias, esto es, saber dar una oferta educativa que sea congruente con la realidad de cada lugar. No se trata de buscar poder o de conseguir exageradas sumas de dinero, sino de mantener vigente la misi\u00f3n, a trav\u00e9s, de programas que sean congruentes con las necesidades actuales.<br \/>Ahora bien, es un hecho que si una instituci\u00f3n cat\u00f3lica pierde su vocaci\u00f3n cristiana, no s\u00f3lo traiciona sus ideales, sino que termina por afectar a la sociedad pues, ante la ausencia de valores, los colegios cat\u00f3licos tienen una importante misi\u00f3n que cumplir.<br \/>No se trata de imponer la fe, sino de saber propon\u00e9rsela a los alumnos para que ellos, con base a su libertad, puedan asumirla y hacerla parte de su vida familiar, social y laboral.<\/p>\n<p>[\/et_pb_accordion_item][et_pb_accordion_item title=\u00bbVISI\u00d3N\u00bb _builder_version=\u00bb4.20.4&#8243; _module_preset=\u00bbdefault\u00bb body_font_size=\u00bb13.5px\u00bb body_letter_spacing=\u00bb-0.5px\u00bb custom_margin=\u00bb-20px||||false|false\u00bb border_width_all=\u00bb0px\u00bb global_colors_info=\u00bb{}\u00bb toggle_level=\u00bbh6&#8243; open=\u00bboff\u00bb]<\/p>\n<h6 style=\"color: #73150d;\">Visi\u00f3n del Hombre<\/h6>\n<p>Se considera al hombre como persona en tanto unidad bio-ps\u00edquica, social, cultural, \u00e9tica, est\u00e9tica y trascendente, guiado por los valores universales que dan sentido a la vida humana. Se reconocen los derechos naturales del hombre. Se reconoce la superior dignidad humana desde la concepci\u00f3n. Se promueve el ejercicio responsable de la libertad. Se promueve el ejercicio no abusivo de los derechos del hombre como hijo de dios: ca\u00eddo, redimido y justificado, sellado por el Esp\u00edritu Santo y part\u00edcipe del Cuerpo M\u00edstico de Cristo.<\/p>\n<h6 style=\"color: #73150d;\">Visi\u00f3n de la Familia<\/h6>\n<p>Se reconoce a la familia como instituci\u00f3n b\u00e1sica de la sociedad y agente natural y primaria de la educaci\u00f3n de sus hijos. Se reconoce el derecho de los padres de elegir la educaci\u00f3n de sus hijos. Se promueve la formaci\u00f3n de una comunidad educadora, fomentando el encuentro permanente y arm\u00f3nico entre familia y escuela.<\/p>\n<h6 style=\"color: #73150d;\">Visi\u00f3n de la Sociedad<\/h6>\n<p>Se reconoce a la sociedad como una realidad visible y espiritual en cuyo \u00e1mbito se desarrolla el respeto a la justicia, a los derechos humanos universales, a la paz y a la vida. Se reconoce al estado como regulador de las actividades sociales al servicio del inter\u00e9s com\u00fan. Se reconoce al estado como principal responsable de las acciones educativas y de la garant\u00eda de su calidad. Se fomenta el respeto al marco jur\u00eddico que reconoce y reglamenta el derecho constitucional de ense\u00f1ar y aprender.<\/p>\n<h6 style=\"color: #73150d;\">Visi\u00f3n de la Educaci\u00f3n<\/h6>\n<p>Se concibe a la educaci\u00f3n como un derecho humano fundamental, como un derecho deber de la familia y la sociedad y una obligaci\u00f3n permanente e inalienable del estado. Se reconoce la funci\u00f3n personalista, personalizada y personalizante de la educaci\u00f3n. Se considera a la educaci\u00f3n medio insoslayable en la b\u00fasqueda de la verdad y de la s\u00edntesis, fe y cultura.<\/p>\n<h6 style=\"color: #73150d;\">Visi\u00f3n de la Cultura<\/h6>\n<p>Se concibe a la escuela como el \u00e1mbito espec\u00edfico de formaci\u00f3n integral del hombre a trav\u00e9s de la comunicaci\u00f3n sistem\u00e1tica y cr\u00edtica de la cultura, de la promoci\u00f3n de los valores universales y de la preparaci\u00f3n para la vida profesional. Como escuela cat\u00f3lica se asume el compromiso incondicional a una definida acci\u00f3n pastoral-educativa. Se considera a la escuela como instituci\u00f3n abierta a la comunidad, formadora de alumnos solidarios que sean capaces de percibir la problem\u00e1tica real del medio y de generar posibles soluciones.<\/p>\n<p>[\/et_pb_accordion_item][\/et_pb_accordion][\/et_pb_column][et_pb_column type=\u00bb1_2&#8243; _builder_version=\u00bb4.17.3&#8243; _module_preset=\u00bbdefault\u00bb global_colors_info=\u00bb{}\u00bb][et_pb_text module_class=\u00bbfijado\u00bb _builder_version=\u00bb4.20.4&#8243; _module_preset=\u00bbdefault\u00bb text_font=\u00bbDroid Serif Italic Classic||||||||\u00bb text_text_color=\u00bb#FFFFFF\u00bb text_font_size=\u00bb20px\u00bb text_line_height=\u00bb1.6em\u00bb header_font=\u00bb||||||||\u00bb header_text_color=\u00bb#FFFFFF\u00bb header_3_font=\u00bbDroid Serif Classic||||||||\u00bb header_3_text_color=\u00bb#FFFFFF\u00bb header_3_font_size=\u00bb32px\u00bb background_color=\u00bb#73150d\u00bb text_orientation=\u00bbcenter\u00bb height=\u00bb490px\u00bb height_tablet=\u00bb490px\u00bb height_phone=\u00bb490px\u00bb height_last_edited=\u00bbon|desktop\u00bb custom_margin=\u00bb0px||0px|-80px|false|false\u00bb custom_margin_tablet=\u00bb0px||0px|-175px|false|false\u00bb custom_margin_phone=\u00bb0px||0px|0px|false|false\u00bb custom_margin_last_edited=\u00bbon|phone\u00bb custom_padding=\u00bb135px||||false|false\u00bb hover_enabled=\u00bb0&#8243; module_alignment_tablet=\u00bb\u00bb module_alignment_phone=\u00bb\u00bb module_alignment_last_edited=\u00bbon|phone\u00bb border_width_bottom=\u00bb6px\u00bb border_color_bottom=\u00bb#FFFFFF\u00bb global_colors_info=\u00bb{}\u00bb sticky_enabled=\u00bb0&#8243;]Acced\u00e9 al<\/p>\n<h3>CAMPUS VIRTUAL<\/h3>\n<p><a href=\"https:\/\/colegios.uccuyo.com.ar\/login\/index.php\" target=\"_blank\" rel=\"noopener\"><br \/>\n<img loading=\"lazy\" decoding=\"async\" src=\"https:\/\/tulum.uccuyo.edu.ar\/es-ar\/wp-content\/uploads\/2023\/10\/icono-campus-virtual.png\" width=\"129\" height=\"87\" alt=\"\" class=\"wp-image-642 alignnone size-full\" \/><br \/>\n<\/a>[\/et_pb_text][et_pb_text module_class=\u00bbfijado2&#8243; _builder_version=\u00bb4.20.4&#8243; _module_preset=\u00bbdefault\u00bb text_font=\u00bbDroid Serif Italic Classic||||||||\u00bb text_text_color=\u00bb#73150D\u00bb text_font_size=\u00bb20px\u00bb text_line_height=\u00bb1.6em\u00bb header_font=\u00bb||||||||\u00bb header_text_color=\u00bb#FFFFFF\u00bb header_3_font=\u00bbDroid Serif Classic||||||||\u00bb header_3_text_color=\u00bb#73150D\u00bb header_3_font_size=\u00bb32px\u00bb background_color=\u00bb#DAA89E\u00bb text_orientation=\u00bbcenter\u00bb height=\u00bb490px\u00bb height_tablet=\u00bb490px\u00bb height_phone=\u00bb490px\u00bb height_last_edited=\u00bbon|desktop\u00bb custom_margin=\u00bb|||-80px|false|false\u00bb custom_margin_tablet=\u00bb|||-175px|false|false\u00bb custom_margin_phone=\u00bb|||0px|false|false\u00bb custom_margin_last_edited=\u00bbon|phone\u00bb custom_padding=\u00bb135px||||false|false\u00bb global_colors_info=\u00bb{}\u00bb]Comun\u00edcate mediante nuestra<\/p>\n<h3>L\u00cdNEA DE CONTACTOS<\/h3>\n<p><a href=\"https:\/\/tulum.uccuyo.edu.ar\/es-ar\/index.php\/contacto\/\"><br \/>\n<img decoding=\"async\" src=\"https:\/\/tulum.uccuyo.edu.ar\/es-ar\/wp-content\/uploads\/2023\/10\/icono-linea-de-contacto.png\" \/><br \/>\n<\/a>[\/et_pb_text][\/et_pb_column][\/et_pb_row][\/et_pb_section][et_pb_section fb_built=\u00bb1&#8243; _builder_version=\u00bb4.17.3&#8243; _module_preset=\u00bbdefault\u00bb background_image=\u00bbhttps:\/\/www.revistaadventista.com.br\/wp-content\/uploads\/2015\/05\/Capa-RA-maio-100-anos-do-Unasp-4.jpg\u00bb background_enable_video_mp4=\u00bboff\u00bb background_video_webm=\u00bbhttps:\/\/ism.uccuyo.edu.ar\/es-ar\/wp-content\/uploads\/2023\/06\/Proyecto-sin-titulo10.webm\u00bb z_index=\u00bb490&#8243; height=\u00bb410px\u00bb collapsed=\u00bboff\u00bb global_colors_info=\u00bb{}\u00bb][\/et_pb_section]<\/p>\n","protected":false},"excerpt":{"rendered":"<p>\u00bfQUI\u00c9NES SOMOS?ORIENTACIONESAUTORIDADESTratar de alcanzar el balance necesario entre la fe y la ciencia, esto es, impulsar el desarrollo acad\u00e9mico de la instituci\u00f3n y, al mismo tiempo, constituirla como un centro de inspiraci\u00f3n cristiana. Descuidar el aspecto acad\u00e9mico, mientras se impulsa la vivencia de la fe, resulta un caos ya que, ciertamente, ning\u00fan padre de familia [&hellip;]<\/p>\n","protected":false},"author":2,"featured_media":0,"parent":0,"menu_order":0,"comment_status":"closed","ping_status":"closed","template":"","meta":{"_et_pb_use_builder":"on","_et_pb_old_content":"","_et_gb_content_width":"","footnotes":""},"class_list":["post-325","page","type-page","status-publish","hentry"],"_links":{"self":[{"href":"https:\/\/tulum.uccuyo.edu.ar\/es-ar\/index.php\/wp-json\/wp\/v2\/pages\/325","targetHints":{"allow":["GET"]}}],"collection":[{"href":"https:\/\/tulum.uccuyo.edu.ar\/es-ar\/index.php\/wp-json\/wp\/v2\/pages"}],"about":[{"href":"https:\/\/tulum.uccuyo.edu.ar\/es-ar\/index.php\/wp-json\/wp\/v2\/types\/page"}],"author":[{"embeddable":true,"href":"https:\/\/tulum.uccuyo.edu.ar\/es-ar\/index.php\/wp-json\/wp\/v2\/users\/2"}],"replies":[{"embeddable":true,"href":"https:\/\/tulum.uccuyo.edu.ar\/es-ar\/index.php\/wp-json\/wp\/v2\/comments?post=325"}],"version-history":[{"count":155,"href":"https:\/\/tulum.uccuyo.edu.ar\/es-ar\/index.php\/wp-json\/wp\/v2\/pages\/325\/revisions"}],"predecessor-version":[{"id":1829,"href":"https:\/\/tulum.uccuyo.edu.ar\/es-ar\/index.php\/wp-json\/wp\/v2\/pages\/325\/revisions\/1829"}],"wp:attachment":[{"href":"https:\/\/tulum.uccuyo.edu.ar\/es-ar\/index.php\/wp-json\/wp\/v2\/media?parent=325"}],"curies":[{"name":"wp","href":"https:\/\/api.w.org\/{rel}","templated":true}]}}