{"id":1593,"date":"2023-10-02T23:38:11","date_gmt":"2023-10-03T02:38:11","guid":{"rendered":"https:\/\/tulum.uccuyo.edu.ar\/es-ar\/index.php\/educacion-de-nivel-primario-2\/"},"modified":"2023-10-26T23:23:50","modified_gmt":"2023-10-27T02:23:50","slug":"educacion-de-nivel-primario","status":"publish","type":"page","link":"https:\/\/tulum.uccuyo.edu.ar\/es-ar\/index.php\/educacion-de-nivel-primario\/","title":{"rendered":"Educaci\u00f3n de Nivel Primario"},"content":{"rendered":"<p>[et_pb_section fb_built=\u00bb1&#8243; custom_padding_last_edited=\u00bbon|phone\u00bb _builder_version=\u00bb4.20.4&#8243; _module_preset=\u00bbdefault\u00bb background_image=\u00bbhttps:\/\/tulum.uccuyo.edu.ar\/es-ar\/wp-content\/uploads\/2023\/10\/Ed.Primaria.jpg\u00bb min_height_last_edited=\u00bboff|phone\u00bb height=\u00bb211px\u00bb height_tablet=\u00bb\u00bb height_phone=\u00bb140px\u00bb height_last_edited=\u00bbon|phone\u00bb custom_margin=\u00bb||||false|false\u00bb custom_padding=\u00bb||||false|false\u00bb custom_padding_tablet=\u00bb125px||91.75px||false|false\u00bb custom_padding_phone=\u00bb1px||1px||true|false\u00bb background_last_edited=\u00bbon|phone\u00bb background_size_phone=\u00bbstretch\u00bb background_image_width_phone=\u00bb115%\u00bb background_image_height_phone=\u00bb100%\u00bb global_colors_info=\u00bb{}\u00bb][et_pb_row _builder_version=\u00bb4.20.4&#8243; _module_preset=\u00bbdefault\u00bb width_tablet=\u00bb\u00bb width_phone=\u00bbauto\u00bb width_last_edited=\u00bbon|phone\u00bb module_alignment=\u00bbleft\u00bb custom_margin=\u00bb20px||||false|false\u00bb custom_padding=\u00bb0px||0px||false|false\u00bb global_colors_info=\u00bb{}\u00bb][et_pb_column type=\u00bb4_4&#8243; _builder_version=\u00bb4.17.3&#8243; _module_preset=\u00bbdefault\u00bb global_colors_info=\u00bb{}\u00bb][et_pb_text content_tablet=\u00bb<\/p>\n<h3>Educaci\u00f3n de Nivel Primario<\/h3>\n<p>\u00bb content_phone=\u00bb<\/p>\n<h3>Educaci\u00f3n de<br \/>\nNivel Primario<\/h3>\n<p>\u00bb content_last_edited=\u00bbon|phone\u00bb _builder_version=\u00bb4.20.4&#8243; _module_preset=\u00bbdefault\u00bb text_font=\u00bb|500|||||||\u00bb text_text_color=\u00bb#FFFFFF\u00bb text_font_size=\u00bb24px\u00bb text_line_height=\u00bb1.4em\u00bb header_font_size=\u00bb28px\u00bb header_3_font=\u00bbDroid Serif Italic Classic|500|||||||\u00bb header_3_text_align=\u00bbleft\u00bb header_3_text_color=\u00bb#FFFFFF\u00bb background_enable_color=\u00bboff\u00bb background_image=\u00bbhttps:\/\/tulum.uccuyo.edu.ar\/es-ar\/wp-content\/uploads\/2023\/10\/boton-ed-primaria-1.png\u00bb width=\u00bb50%\u00bb width_tablet=\u00bb59%\u00bb width_phone=\u00bb120%\u00bb width_last_edited=\u00bbon|phone\u00bb module_alignment=\u00bbleft\u00bb min_height_tablet=\u00bb\u00bb min_height_phone=\u00bb\u00bb min_height_last_edited=\u00bbon|phone\u00bb height_tablet=\u00bb\u00bb height_phone=\u00bb\u00bb height_last_edited=\u00bbon|phone\u00bb max_height_tablet=\u00bb\u00bb max_height_phone=\u00bb\u00bb max_height_last_edited=\u00bbon|phone\u00bb custom_margin=\u00bb||||false|false\u00bb custom_padding=\u00bb23px||15px|175px|false|false\u00bb custom_padding_tablet=\u00bb23px||15px|150px|false|false\u00bb custom_padding_phone=\u00bb23px|30px|15px||false|false\u00bb custom_padding_last_edited=\u00bbon|phone\u00bb hover_enabled=\u00bb0&#8243; text_font_size_tablet=\u00bb24px\u00bb text_font_size_phone=\u00bb20px\u00bb text_font_size_last_edited=\u00bbon|phone\u00bb header_font_size_tablet=\u00bb28px\u00bb header_font_size_phone=\u00bb28px\u00bb header_font_size_last_edited=\u00bbon|phone\u00bb header_3_text_align_tablet=\u00bbleft\u00bb header_3_text_align_phone=\u00bbright\u00bb header_3_text_align_last_edited=\u00bbon|desktop\u00bb header_3_font_size_tablet=\u00bb28px\u00bb header_3_font_size_phone=\u00bb20px\u00bb header_3_font_size_last_edited=\u00bbon|desktop\u00bb background_last_edited=\u00bbon|phone\u00bb background_size_phone=\u00bbcontain\u00bb module_alignment_tablet=\u00bb\u00bb module_alignment_phone=\u00bb\u00bb module_alignment_last_edited=\u00bbon|phone\u00bb border_radii=\u00bboff||55px|55px|\u00bb global_colors_info=\u00bb{}\u00bb sticky_enabled=\u00bb0&#8243;]<\/p>\n<h3>Educaci\u00f3n de Nivel Primario<\/h3>\n<p>[\/et_pb_text][\/et_pb_column][\/et_pb_row][\/et_pb_section][et_pb_section fb_built=\u00bb1&#8243; _builder_version=\u00bb4.20.4&#8243; _module_preset=\u00bbdefault\u00bb background_color=\u00bb#DAA89E\u00bb global_colors_info=\u00bb{}\u00bb][et_pb_row _builder_version=\u00bb4.20.4&#8243; _module_preset=\u00bbdefault\u00bb global_colors_info=\u00bb{}\u00bb][et_pb_column type=\u00bb4_4&#8243; _builder_version=\u00bb4.20.4&#8243; _module_preset=\u00bbdefault\u00bb global_colors_info=\u00bb{}\u00bb][\/et_pb_column][\/et_pb_row][et_pb_row column_structure=\u00bb1_2,1_2&#8243; _builder_version=\u00bb4.20.4&#8243; _module_preset=\u00bbdefault\u00bb global_colors_info=\u00bb{}\u00bb][et_pb_column type=\u00bb1_2&#8243; _builder_version=\u00bb4.20.4&#8243; _module_preset=\u00bbdefault\u00bb global_colors_info=\u00bb{}\u00bb][et_pb_toggle title=\u00bbPerfil de Egresado\u00bb open_toggle_text_color=\u00bb#73150D\u00bb closed_toggle_background_color=\u00bb#73150D\u00bb icon_color=\u00bb#FFFFFF\u00bb toggle_icon=\u00bb&#xe050;||divi||400&#8243; open_icon_color=\u00bb#73150D\u00bb open_toggle_icon=\u00bb&#xe04f;||divi||400&#8243; disabled_on=\u00bbon|on|on\u00bb _builder_version=\u00bb4.20.4&#8243; _module_preset=\u00bbdefault\u00bb title_text_color=\u00bb#FFFFFF\u00bb title_font=\u00bbDroid Serif Italic Classic||||||||\u00bb title_text_align=\u00bbleft\u00bb title_font_size=\u00bb18px\u00bb body_font=\u00bbDroid Serif Classic||||||||\u00bb body_text_align=\u00bbjustify\u00bb body_text_color=\u00bb#73150D\u00bb body_font_size=\u00bb16px\u00bb body_line_height=\u00bb1.5em\u00bb body_ol_item_indent=\u00bb1px\u00bb body_ul_font=\u00bbDroid Serif Classic||||||||\u00bb body_ul_text_align=\u00bbjustify\u00bb body_ul_text_color=\u00bb#DAA89E\u00bb body_ol_font=\u00bbDroid Serif Clasic||||||||\u00bb body_ol_text_align=\u00bbjustify\u00bb body_ol_text_color=\u00bb#000000&#8243; body_ol_font_size=\u00bb16px\u00bb max_width_tablet=\u00bb65%\u00bb max_width_phone=\u00bbnone\u00bb max_width_last_edited=\u00bbon|phone\u00bb module_alignment=\u00bbcenter\u00bb custom_margin=\u00bb35px||0px||false|false\u00bb custom_padding=\u00bb|60px|||false|false\u00bb custom_padding_tablet=\u00bb|60px|||false|false\u00bb custom_padding_phone=\u00bb|40px|||false|false\u00bb custom_padding_last_edited=\u00bbon|phone\u00bb title_font_size_tablet=\u00bb18px\u00bb title_font_size_phone=\u00bb16px\u00bb title_font_size_last_edited=\u00bbon|phone\u00bb body_font_size_tablet=\u00bb16px\u00bb body_font_size_phone=\u00bb14px\u00bb body_font_size_last_edited=\u00bbon|phone\u00bb body_ul_font_size_tablet=\u00bb\u00bb body_ul_font_size_phone=\u00bb13px\u00bb body_ul_font_size_last_edited=\u00bbon|phone\u00bb border_radii=\u00bbon|10px|10px|10px|10px\u00bb box_shadow_style=\u00bbpreset2&#8243; disabled=\u00bbon\u00bb global_colors_info=\u00bb{}\u00bb]<\/p>\n<p>A trav\u00e9s del presente curriculum se pretenden formar profesionales docentes con capacidad de:<\/p>\n<ol>\n<ol>\n<li>Asumir la profesi\u00f3n docente como una pr\u00e1ctica de promoci\u00f3n humana y de transformaci\u00f3n social sustentada en valores democr\u00e1ticos, que promueva la construcci\u00f3n de saberes en su relaci\u00f3n con la pr\u00e1ctica profesional y la toma de decisiones fundamentadas te\u00f3ricamente.<\/li>\n<\/ol>\n<\/ol>\n<p>&nbsp;<\/p>\n<ol>\n<ol>\n<li>Reconocer la formaci\u00f3n docente como un proceso continuo, que supone el desarrollo<\/li>\n<\/ol>\n<\/ol>\n<p>&nbsp;<\/p>\n<ol>\n<ol>\n<li>profesional y la actualizaci\u00f3n permanente de los marcos te\u00f3ricos y metodol\u00f3gicos de referencia.<\/li>\n<\/ol>\n<\/ol>\n<p>&nbsp;<\/p>\n<ol>\n<ol>\n<li>Construir una identidad profesional docente, fundada en la autonom\u00eda profesional, el trabajo colaborativo, el compromiso con la igualdad, y la confianza en las posibilidades de aprendizaje de todos los ni\u00f1o\/as, comprometido con la realidad socio-hist\u00f3rico cultural en la que est\u00e1 inserto.<\/li>\n<\/ol>\n<\/ol>\n<p>&nbsp;<\/p>\n<ol>\n<ol>\n<li>Comprender y atender el sujeto de la educaci\u00f3n primaria, a quien va dirigida la ense\u00f1anza, en sus dimensiones subjetivas, psicol\u00f3gicas, cognitivas, afectivas y socio-culturales.<\/li>\n<\/ol>\n<\/ol>\n<p>&nbsp;<\/p>\n<ol>\n<ol>\n<li>Analizar la realidad y las caracter\u00edsticas de los destinatarios y dise\u00f1ar propuestas pedag\u00f3gicas que tengan en cuenta la diversidad y heterogeneidad de sujetos y promoviendo la inclusi\u00f3n de los educandos.<\/li>\n<\/ol>\n<\/ol>\n<p>&nbsp;<\/p>\n<ol>\n<ol>\n<li>Desarrollar la investigaci\u00f3n y la innovaci\u00f3n educativa, vinculadas con las tareas de ense\u00f1anza, la experimentaci\u00f3n y sistematizaci\u00f3n de propuestas, y las capacidades comunicativas relacionadas a la producci\u00f3n y difusi\u00f3n, que aporten a la reflexi\u00f3n sobre la pr\u00e1ctica y a la renovaci\u00f3n de las experiencias escolares.<\/li>\n<\/ol>\n<\/ol>\n<p>&nbsp;<\/p>\n<ol>\n<ol>\n<li>Seleccionar y utilizar las nuevas tecnolog\u00edas de manera contextualizada, como una alternativa v\u00e1lida para la apropiaci\u00f3n de saberes, potenciadoras de la ense\u00f1anza, comprendiendo la responsabilidad que implica el uso social de las mismas.<\/li>\n<\/ol>\n<\/ol>\n<p>&nbsp;<\/p>\n<p>[\/et_pb_toggle][\/et_pb_column][et_pb_column type=\u00bb1_2&#8243; _builder_version=\u00bb4.20.4&#8243; _module_preset=\u00bbdefault\u00bb global_colors_info=\u00bb{}\u00bb][\/et_pb_column][\/et_pb_row][\/et_pb_section][et_pb_section fb_built=\u00bb1&#8243; disabled_on=\u00bbon|on|on\u00bb _builder_version=\u00bb4.17.3&#8243; _module_preset=\u00bbdefault\u00bb background_color=\u00bb#8286D5&#8243; custom_margin=\u00bb0px||||false|false\u00bb custom_padding=\u00bb91px||0px||false|false\u00bb disabled=\u00bbon\u00bb global_colors_info=\u00bb{}\u00bb][et_pb_row _builder_version=\u00bb4.17.3&#8243; _module_preset=\u00bbdefault\u00bb custom_margin=\u00bb||||false|false\u00bb custom_padding=\u00bb0px||0px||false|false\u00bb global_colors_info=\u00bb{}\u00bb][et_pb_column type=\u00bb4_4&#8243; _builder_version=\u00bb4.17.3&#8243; _module_preset=\u00bbdefault\u00bb global_colors_info=\u00bb{}\u00bb][et_pb_text _builder_version=\u00bb4.17.3&#8243; _module_preset=\u00bbdefault\u00bb text_font=\u00bbDroid Serif Bold Italic||||||||\u00bb text_line_height=\u00bb1.3em\u00bb link_font=\u00bbDroid Serif Clasic||||||||\u00bb ul_font=\u00bbDroid Serif Clasic||||||||\u00bb ul_text_color=\u00bb#FFFFFF\u00bb ul_font_size=\u00bb22px\u00bb ul_line_height=\u00bb1.8em\u00bb header_line_height=\u00bb1.2em\u00bb header_5_font=\u00bbDroid Serif Clasic||||||||\u00bb header_5_text_color=\u00bb#FFFFFF\u00bb header_5_font_size=\u00bb22px\u00bb header_5_line_height=\u00bb1.8em\u00bb header_6_font=\u00bbDroid Serif Bold Italic||||||||\u00bb header_6_text_color=\u00bb#FFFFFF\u00bb header_6_font_size=\u00bb22px\u00bb header_6_line_height=\u00bb1.8em\u00bb width=\u00bb60%\u00bb width_tablet=\u00bb60%\u00bb width_phone=\u00bbauto\u00bb width_last_edited=\u00bbon|phone\u00bb custom_margin=\u00bb||12px||false|false\u00bb custom_padding=\u00bb|85px|||false|false\u00bb custom_padding_tablet=\u00bb|85px|||false|false\u00bb custom_padding_phone=\u00bb|10px|||false|false\u00bb custom_padding_last_edited=\u00bbon|phone\u00bb global_colors_info=\u00bb{}\u00bb]<\/p>\n<ul>\n<li>\n<h5 style=\"display: inline;\">Duraci\u00f3n de la Carrera \/<\/h5>\n<h6 style=\"display: inline;\">4 A\u00f1os<\/h6>\n<\/li>\n<li>\n<h5 style=\"display: inline;\">Titulo \/<\/h5>\n<h6 style=\"display: inline;\">Profesor de Educaci\u00f3n Primaria<\/h6>\n<\/li>\n<li>\n<h5 style=\"display: inline;\">Cursado \/<\/h5>\n<h6 style=\"display: inline;\">En horario de ma\u00f1ana, en el SUM de la UCCuyo<\/h6>\n<\/li>\n<\/ul>\n<p>[\/et_pb_text][\/et_pb_column][\/et_pb_row][\/et_pb_section][et_pb_section fb_built=\u00bb1&#8243; disabled_on=\u00bbon|on|on\u00bb _builder_version=\u00bb4.17.3&#8243; _module_preset=\u00bbdefault\u00bb background_color=\u00bb#8286D5&#8243; custom_padding=\u00bb||143px||false|false\u00bb custom_css_main_element=\u00bbdisplay: flex;\u00bb disabled=\u00bbon\u00bb global_colors_info=\u00bb{}\u00bb custom_css_main_element_last_edited=\u00bbon|phone\u00bb custom_css_main_element_phone=\u00bbdisplay: block;\u00bb custom_css_main_element_tablet=\u00bbdisplay: flex;\u00bb][et_pb_row _builder_version=\u00bb4.17.3&#8243; _module_preset=\u00bbdefault\u00bb custom_margin=\u00bb0px|auto|0px|auto|false|false\u00bb custom_padding=\u00bb0px||0px||true|false\u00bb global_colors_info=\u00bb{}\u00bb][et_pb_column type=\u00bb4_4&#8243; _builder_version=\u00bb4.17.3&#8243; _module_preset=\u00bbdefault\u00bb global_colors_info=\u00bb{}\u00bb][et_pb_text _builder_version=\u00bb4.17.3&#8243; _module_preset=\u00bbdefault\u00bb text_font=\u00bbDroid Serif Bold Clasic|500|||||||\u00bb text_text_color=\u00bb#FFFFFF\u00bb text_font_size=\u00bb22px\u00bb max_width=\u00bb65%\u00bb max_width_tablet=\u00bb65%\u00bb max_width_phone=\u00bbnone\u00bb max_width_last_edited=\u00bbon|phone\u00bb module_alignment=\u00bbcenter\u00bb global_colors_info=\u00bb{}\u00bb]<\/p>\n<p>CAMPO LABORAL<\/p>\n<p>[\/et_pb_text][et_pb_text _builder_version=\u00bb4.17.3&#8243; _module_preset=\u00bbdefault\u00bb text_font=\u00bbDroid Serif Clasic||||||||\u00bb text_text_color=\u00bb#FFFFFF\u00bb text_font_size=\u00bb20px\u00bb text_line_height=\u00bb1.6em\u00bb max_width=\u00bb65%\u00bb max_width_tablet=\u00bb65%\u00bb max_width_phone=\u00bbnone\u00bb max_width_last_edited=\u00bbon|phone\u00bb module_alignment=\u00bbcenter\u00bb custom_margin=\u00bb52px||||false|false\u00bb custom_padding=\u00bb|0px||0px|false|false\u00bb text_font_size_tablet=\u00bb20px\u00bb text_font_size_phone=\u00bb19px\u00bb text_font_size_last_edited=\u00bbon|phone\u00bb text_orientation_tablet=\u00bb\u00bb text_orientation_phone=\u00bbjustified\u00bb text_orientation_last_edited=\u00bbon|phone\u00bb global_colors_info=\u00bb{}\u00bb]<\/p>\n<p>La carrera forma para trabajar como docente en el Nivel Primario en escuelas estatales y privadas de todo el pa\u00eds.<\/p>\n<p>[\/et_pb_text][et_pb_toggle title=\u00bbPerfil de Egresado\u00bb open_toggle_text_color=\u00bb#8286D5&#8243; open_toggle_background_color=\u00bb#FFFFFF\u00bb closed_toggle_background_color=\u00bb#FFFFFF\u00bb icon_color=\u00bb#8286D5&#8243; open_icon_color=\u00bb#8286D5&#8243; _builder_version=\u00bb4.17.3&#8243; _module_preset=\u00bbdefault\u00bb title_text_color=\u00bb#8286D5&#8243; title_font=\u00bbDroid Serif iitalic||||||||\u00bb title_text_align=\u00bbleft\u00bb title_font_size=\u00bb16px\u00bb body_font=\u00bbDroid Serif Clasic||||||||\u00bb body_text_color=\u00bb#8286D5&#8243; body_font_size=\u00bb16px\u00bb body_line_height=\u00bb1.5em\u00bb body_ol_item_indent=\u00bb1px\u00bb body_ol_font=\u00bbDroid Serif Clasic||||||||\u00bb body_ol_text_align=\u00bbjustify\u00bb body_ol_text_color=\u00bb#000000&#8243; body_ol_font_size=\u00bb16px\u00bb max_width=\u00bb65%\u00bb max_width_tablet=\u00bb65%\u00bb max_width_phone=\u00bbnone\u00bb max_width_last_edited=\u00bbon|phone\u00bb module_alignment=\u00bbcenter\u00bb custom_margin=\u00bb35px||0px||false|false\u00bb custom_padding=\u00bb|75px|||false|false\u00bb border_radii=\u00bbon|10px|10px|10px|10px\u00bb box_shadow_style=\u00bbpreset2&#8243; global_colors_info=\u00bb{}\u00bb]A trav\u00e9s del presente curriculum se pretenden formar profesionales docentes con capacidad de:<\/p>\n<ol>\n<\/n><\/p>\n<li>Asumir la profesi\u00f3n docente como una pr\u00e1ctica de promoci\u00f3n humana y de transformaci\u00f3n social sustentada en valores democr\u00e1ticos, que promueva la construcci\u00f3n de saberes en su relaci\u00f3n con la pr\u00e1ctica profesional y la toma de decisiones fundamentadas te\u00f3ricamente.<\/li>\n<p><\/n><\/p>\n<li>Reconocer la formaci\u00f3n docente como un proceso continuo, que supone el desarrollo<\/li>\n<p><\/n><\/p>\n<li>profesional y la actualizaci\u00f3n permanente de los marcos te\u00f3ricos y metodol\u00f3gicos de referencia.<\/li>\n<p><\/n><\/p>\n<li>Construir una identidad profesional docente, fundada en la autonom\u00eda profesional, el trabajo colaborativo, el compromiso con la igualdad, y la confianza en las posibilidades de aprendizaje de todos los ni\u00f1o\/as, comprometido con la realidad socio-hist\u00f3rico cultural en la que est\u00e1 inserto.<\/li>\n<p><\/n><\/p>\n<li>Comprender y atender el sujeto de la educaci\u00f3n primaria, a quien va dirigida la ense\u00f1anza, en sus dimensiones subjetivas, psicol\u00f3gicas, cognitivas, afectivas y socio-culturales.<\/li>\n<p><\/n><\/p>\n<li>Analizar la realidad y las caracter\u00edsticas de los destinatarios y dise\u00f1ar propuestas pedag\u00f3gicas que tengan en cuenta la diversidad y heterogeneidad de sujetos y promoviendo la inclusi\u00f3n de los educandos.<\/li>\n<p><\/n><\/p>\n<li>Desarrollar la investigaci\u00f3n y la innovaci\u00f3n educativa, vinculadas con las tareas de ense\u00f1anza, la experimentaci\u00f3n y sistematizaci\u00f3n de propuestas, y las capacidades comunicativas relacionadas a la producci\u00f3n y difusi\u00f3n, que aporten a la reflexi\u00f3n sobre la pr\u00e1ctica y a la renovaci\u00f3n de las experiencias escolares.<\/li>\n<p><\/n><\/p>\n<li>Seleccionar y utilizar las nuevas tecnolog\u00edas de manera contextualizada, como una alternativa v\u00e1lida para la apropiaci\u00f3n de saberes, potenciadoras de la ense\u00f1anza, comprendiendo la responsabilidad que implica el uso social de las mismas.<\/li>\n<p><\/n>\n<\/ol>\n<p>[\/et_pb_toggle][et_pb_button button_url=\u00bbhttps:\/\/ism.uccuyo.edu.ar\/es-ar\/wp-content\/uploads\/2023\/06\/Plan-de-estudio-Profesorado-de-Educacion-Primaria.pdf\u00bb button_text=\u00bbPlan de Estudio\u00bb button_alignment=\u00bbcenter\u00bb module_class=\u00bbdownload-button\u00bb _builder_version=\u00bb4.17.3&#8243; _module_preset=\u00bbdefault\u00bb custom_button=\u00bbon\u00bb button_text_color=\u00bb#9C9EDD\u00bb button_bg_color=\u00bb#FFFFFF\u00bb button_border_width=\u00bb0px\u00bb button_border_radius=\u00bb5px\u00bb button_font=\u00bbDroid Serif iitalic||||||||\u00bb button_icon=\u00bb&#xf1c1;||fa||400&#8243; button_on_hover=\u00bboff\u00bb custom_margin=\u00bb25px||||false|false\u00bb box_shadow_style=\u00bbpreset2&#8243; box_shadow_blur=\u00bb11px\u00bb global_colors_info=\u00bb{}\u00bb][\/et_pb_button][\/et_pb_column][\/et_pb_row][et_pb_row custom_padding_last_edited=\u00bbon|phone\u00bb _builder_version=\u00bb4.17.3&#8243; _module_preset=\u00bbdefault\u00bb width=\u00bb45%\u00bb width_tablet=\u00bb45%\u00bb width_phone=\u00bb80%\u00bb width_last_edited=\u00bbon|phone\u00bb custom_margin=\u00bb||||false|false\u00bb custom_margin_tablet=\u00bb||||false|false\u00bb custom_margin_phone=\u00bb70px||||false|false\u00bb custom_margin_last_edited=\u00bbon|phone\u00bb custom_padding=\u00bb0px|25px|0px|25px|true|true\u00bb custom_padding_tablet=\u00bb0px|25px|0px|25px|true|true\u00bb custom_padding_phone=\u00bb|0px||0px|false|true\u00bb border_width_left=\u00bb1px\u00bb border_color_left=\u00bb#FFFFFF\u00bb global_colors_info=\u00bb{}\u00bb][et_pb_column type=\u00bb4_4&#8243; _builder_version=\u00bb4.17.3&#8243; _module_preset=\u00bbdefault\u00bb global_colors_info=\u00bb{}\u00bb][et_pb_text _builder_version=\u00bb4.17.3&#8243; _module_preset=\u00bbdefault\u00bb text_font=\u00bbDroid Serif Clasic||||||||\u00bb text_text_color=\u00bb#FFFFFF\u00bb text_font_size=\u00bb16px\u00bb text_line_height=\u00bb1.2em\u00bb header_3_font=\u00bbDroid Serif Bold Italic||||||||\u00bb header_3_text_color=\u00bb#FFFFFF\u00bb header_3_font_size=\u00bb23px\u00bb text_orientation=\u00bbcenter\u00bb width=\u00bb55%\u00bb width_tablet=\u00bb55%\u00bb width_phone=\u00bb80%\u00bb width_last_edited=\u00bbon|phone\u00bb module_alignment=\u00bbcenter\u00bb custom_margin=\u00bb||40px||false|false\u00bb custom_padding=\u00bb15px|30px|10px|30px|false|true\u00bb custom_padding_tablet=\u00bb15px|30px|10px|30px|false|true\u00bb custom_padding_phone=\u00bb15px|30px|10px|30px|false|true\u00bb custom_padding_last_edited=\u00bbon|phone\u00bb link_option_url=\u00bbhttps:\/\/audino.uccuyo.edu.ar\/es-ar\/index.php\/profesor-de-educacion-fisica\/\u00bb border_radii=\u00bbon|10px|10px|10px|10px\u00bb box_shadow_style=\u00bbpreset1&#8243; global_colors_info=\u00bb{}\u00bb background__hover_enabled=\u00bbon|hover\u00bb background_color__hover=\u00bb#FFFFFF\u00bb background_enable_color__hover=\u00bbon\u00bb text_text_color__hover_enabled=\u00bbon|hover\u00bb text_text_color__hover=\u00bb#8286D5&#8243; header_3_text_color__hover_enabled=\u00bbon|hover\u00bb header_3_text_color__hover=\u00bb#8286D5&#8243; header_text_color__hover_enabled=\u00bbon|hover\u00bb header_text_color__hover=\u00bb#8286D5&#8243;]<\/p>\n<p>Profesorado de <em><strong>Educaci\u00f3n F\u00edsica<\/strong><\/em><\/p>\n<p>[\/et_pb_text][et_pb_text _builder_version=\u00bb4.17.3&#8243; _module_preset=\u00bbdefault\u00bb text_font=\u00bbDroid Serif Clasic||||||||\u00bb text_text_color=\u00bb#FFFFFF\u00bb text_font_size=\u00bb16px\u00bb text_line_height=\u00bb1.2em\u00bb header_3_font=\u00bbDroid Serif Bold Italic||||||||\u00bb header_3_text_color=\u00bb#FFFFFF\u00bb header_3_font_size=\u00bb23px\u00bb text_orientation=\u00bbcenter\u00bb width=\u00bb55%\u00bb width_tablet=\u00bb55%\u00bb width_phone=\u00bb80%\u00bb width_last_edited=\u00bbon|phone\u00bb module_alignment=\u00bbcenter\u00bb custom_margin=\u00bb||40px||false|false\u00bb custom_padding=\u00bb15px|40px|10px|40px|false|true\u00bb link_option_url=\u00bbhttps:\/\/audino.uccuyo.edu.ar\/es-ar\/index.php\/profesor-en-ciencias-sagradas\/\u00bb border_radii=\u00bbon|10px|10px|10px|10px\u00bb box_shadow_style=\u00bbpreset1&#8243; global_colors_info=\u00bb{}\u00bb background_color__hover=\u00bb#FFFFFF\u00bb background_enable_color__hover=\u00bbon\u00bb text_text_color__hover_enabled=\u00bbon|hover\u00bb text_text_color__hover=\u00bb#8286D5&#8243; header_3_text_color__hover_enabled=\u00bbon|hover\u00bb header_3_text_color__hover=\u00bb#8286D5&#8243; header_text_color__hover_enabled=\u00bbon|hover\u00bb header_text_color__hover=\u00bb#8286D5&#8243; background__hover_enabled=\u00bbon|hover\u00bb]<\/p>\n<p>Profesorado de <em><strong>Ciencias Sagradas<\/strong><\/em><\/p>\n<p>[\/et_pb_text][et_pb_text _builder_version=\u00bb4.17.3&#8243; _module_preset=\u00bbdefault\u00bb text_font=\u00bbDroid Serif Clasic||||||||\u00bb text_text_color=\u00bb#FFFFFF\u00bb text_font_size=\u00bb16px\u00bb text_line_height=\u00bb1.2em\u00bb header_3_font=\u00bbDroid Serif Bold Italic||||||||\u00bb header_3_text_color=\u00bb#FFFFFF\u00bb header_3_font_size=\u00bb23px\u00bb text_orientation=\u00bbcenter\u00bb width=\u00bb55%\u00bb width_tablet=\u00bb55%\u00bb width_phone=\u00bb80%\u00bb width_last_edited=\u00bbon|phone\u00bb module_alignment=\u00bbcenter\u00bb custom_padding=\u00bb15px|30px|10px|30px|false|true\u00bb link_option_url=\u00bbhttps:\/\/audino.uccuyo.edu.ar\/es-ar\/index.php\/profesor-de-educacion-especial\/\u00bb border_radii=\u00bbon|10px|10px|10px|10px\u00bb box_shadow_style=\u00bbpreset1&#8243; global_colors_info=\u00bb{}\u00bb background__hover_enabled=\u00bbon|hover\u00bb background_color__hover=\u00bb#FFFFFF\u00bb background_enable_color__hover=\u00bbon\u00bb text_text_color__hover_enabled=\u00bbon|hover\u00bb text_text_color__hover=\u00bb#8286D5&#8243; header_3_text_color__hover_enabled=\u00bbon|hover\u00bb header_3_text_color__hover=\u00bb#8286D5&#8243; header_text_color__hover_enabled=\u00bbon|hover\u00bb header_text_color__hover=\u00bb#8286D5&#8243;]<\/p>\n<p>Profesorado en <em><strong>Educaci\u00f3n Especial<\/strong><\/em><\/p>\n<p>[\/et_pb_text][\/et_pb_column][\/et_pb_row][\/et_pb_section]<\/p>\n","protected":false},"excerpt":{"rendered":"<p>Educaci\u00f3n de Nivel PrimarioA trav\u00e9s del presente curriculum se pretenden formar profesionales docentes con capacidad de: Asumir la profesi\u00f3n docente como una pr\u00e1ctica de promoci\u00f3n humana y de transformaci\u00f3n social sustentada en valores democr\u00e1ticos, que promueva la construcci\u00f3n de saberes en su relaci\u00f3n con la pr\u00e1ctica profesional y la toma de decisiones fundamentadas te\u00f3ricamente. &nbsp; [&hellip;]<\/p>\n","protected":false},"author":2,"featured_media":0,"parent":0,"menu_order":4,"comment_status":"closed","ping_status":"closed","template":"","meta":{"_et_pb_use_builder":"on","_et_pb_old_content":"","_et_gb_content_width":"","footnotes":""},"class_list":["post-1593","page","type-page","status-publish","hentry"],"_links":{"self":[{"href":"https:\/\/tulum.uccuyo.edu.ar\/es-ar\/index.php\/wp-json\/wp\/v2\/pages\/1593","targetHints":{"allow":["GET"]}}],"collection":[{"href":"https:\/\/tulum.uccuyo.edu.ar\/es-ar\/index.php\/wp-json\/wp\/v2\/pages"}],"about":[{"href":"https:\/\/tulum.uccuyo.edu.ar\/es-ar\/index.php\/wp-json\/wp\/v2\/types\/page"}],"author":[{"embeddable":true,"href":"https:\/\/tulum.uccuyo.edu.ar\/es-ar\/index.php\/wp-json\/wp\/v2\/users\/2"}],"replies":[{"embeddable":true,"href":"https:\/\/tulum.uccuyo.edu.ar\/es-ar\/index.php\/wp-json\/wp\/v2\/comments?post=1593"}],"version-history":[{"count":13,"href":"https:\/\/tulum.uccuyo.edu.ar\/es-ar\/index.php\/wp-json\/wp\/v2\/pages\/1593\/revisions"}],"predecessor-version":[{"id":1777,"href":"https:\/\/tulum.uccuyo.edu.ar\/es-ar\/index.php\/wp-json\/wp\/v2\/pages\/1593\/revisions\/1777"}],"wp:attachment":[{"href":"https:\/\/tulum.uccuyo.edu.ar\/es-ar\/index.php\/wp-json\/wp\/v2\/media?parent=1593"}],"curies":[{"name":"wp","href":"https:\/\/api.w.org\/{rel}","templated":true}]}}